{"id":18,"date":"2025-09-20T22:30:42","date_gmt":"2025-09-20T21:30:42","guid":{"rendered":"http:\/\/lextxt.local\/index.php\/silverstorm\/"},"modified":"2025-10-08T19:54:06","modified_gmt":"2025-10-08T17:54:06","slug":"silverstorm","status":"publish","type":"page","link":"https:\/\/arkuszerka.pl\/","title":{"rendered":"Front Page"},"content":{"rendered":"<div data-colibri-id=\"18-c1\" class=\"style-177 style-local-18-c1 position-relative\">\n  <!---->\n  <div data-colibri-component=\"section\" data-colibri-id=\"18-c2\" id=\"hero-accent\" class=\"h-section h-section-global-spacing d-flex align-items-lg-center align-items-md-center align-items-center style-178 style-local-18-c2 position-relative\">\n    <!---->\n    <!---->\n    <div class=\"h-section-grid-container h-section-fluid-container\">\n      <!---->\n      <div data-colibri-id=\"18-c3\" class=\"h-row-container gutters-row-lg-2 gutters-row-md-2 gutters-row-0 gutters-row-v-lg-2 gutters-row-v-md-2 gutters-row-v-2 style-584 style-local-18-c3 position-relative\">\n        <!---->\n        <div class=\"h-row justify-content-lg-center justify-content-md-center justify-content-center align-items-lg-stretch align-items-md-stretch align-items-stretch gutters-col-lg-2 gutters-col-md-2 gutters-col-0 gutters-col-v-lg-2 gutters-col-v-md-2 gutters-col-v-2\">\n          <!---->\n          <div class=\"h-column h-column-container d-flex h-col-lg-auto h-col-md-auto h-col-auto style-585-outer style-local-18-c4-outer\">\n            <div data-colibri-id=\"18-c4\" class=\"d-flex h-flex-basis h-column__inner h-px-lg-2 h-px-md-2 h-px-2 v-inner-lg-2 v-inner-md-2 v-inner-2 style-585 style-local-18-c4 position-relative\">\n              <!---->\n              <!---->\n              <div class=\"w-100 h-y-container h-column__content h-column__v-align flex-basis-100 align-self-lg-start align-self-md-start align-self-start\">\n                <!---->\n                <div data-colibri-id=\"18-c5\" class=\"h-text h-text-component style-588 style-local-18-c5 position-relative h-element\">\n                  <!---->\n                  <!---->\n                  <div class=\"\">\n                    <p>WSPARCIE<\/p>\n                    <p>w biurokracji<\/p>\n                  <\/div>\n                <\/div>\n              <\/div>\n            <\/div>\n          <\/div>\n          <div class=\"h-column h-column-container d-flex h-col-lg-auto h-col-md-auto h-col-auto style-586-outer style-local-18-c6-outer\">\n            <div data-colibri-id=\"18-c6\" class=\"d-flex h-flex-basis h-column__inner h-px-lg-2 h-px-md-2 h-px-2 v-inner-lg-2 v-inner-md-2 v-inner-2 style-586 style-local-18-c6 position-relative\">\n              <!---->\n              <!---->\n              <div class=\"w-100 h-y-container h-column__content h-column__v-align flex-basis-100 align-self-lg-start align-self-md-start align-self-start\">\n                <!---->\n                <div data-colibri-id=\"18-c7\" class=\"h-text h-text-component style-589 style-local-18-c7 position-relative h-element\">\n                  <!---->\n                  <!---->\n                  <div class=\"\">\n                    <p>AUTORKA<\/p>\n                    <p>tworzenie i redakcja tekst\u00f3w<\/p>\n                  <\/div>\n                <\/div>\n              <\/div>\n            <\/div>\n          <\/div>\n          <div class=\"h-column h-column-container d-flex h-col-lg-auto h-col-md-auto h-col-auto style-587-outer style-local-18-c8-outer\">\n            <div data-colibri-id=\"18-c8\" class=\"d-flex h-flex-basis h-column__inner h-px-lg-2 h-px-md-2 h-px-2 v-inner-lg-2 v-inner-md-2 v-inner-2 style-587 style-local-18-c8 position-relative\">\n              <!---->\n              <!---->\n              <div class=\"w-100 h-y-container h-column__content h-column__v-align flex-basis-100 align-self-lg-start align-self-md-start align-self-start\">\n                <!---->\n                <div data-colibri-id=\"18-c9\" class=\"h-text h-text-component style-590 style-local-18-c9 position-relative h-element\">\n                  <!---->\n                  <!---->\n                  <div class=\"\">\n                    <p>T\u0141UMACZ<\/p>\n                    <p>PL\/DE\/ENG<\/p>\n                  <\/div>\n                <\/div>\n              <\/div>\n            <\/div>\n          <\/div>\n        <\/div>\n      <\/div>\n    <\/div>\n  <\/div>\n  <div data-colibri-component=\"section\" data-colibri-id=\"18-c10\" id=\"team\" class=\"h-section h-section-global-spacing d-flex align-items-lg-start align-items-md-start align-items-start style-379 style-local-18-c10 position-relative\">\n    <!---->\n    <!---->\n    <div class=\"h-section-grid-container h-section-boxed-container\">\n      <div data-colibri-id=\"18-c17\" class=\"h-row-container gutters-row-lg-2 gutters-row-md-2 gutters-row-0 gutters-row-v-lg-2 gutters-row-v-md-2 gutters-row-v-2 style-393 style-local-18-c17 position-relative\">\n        <!---->\n        <div class=\"h-row justify-content-lg-center justify-content-md-center justify-content-center align-items-lg-stretch align-items-md-stretch align-items-stretch gutters-col-lg-2 gutters-col-md-2 gutters-col-0 gutters-col-v-lg-2 gutters-col-v-md-2 gutters-col-v-2\">\n          <!---->\n          <div class=\"h-column h-column-container d-flex h-col-lg-auto h-col-md-auto h-col-auto style-399-outer style-local-18-c18-outer\">\n            <div data-colibri-id=\"18-c18\" class=\"d-flex h-flex-basis h-column__inner h-px-lg-2 h-px-md-2 h-px-2 v-inner-lg-2 v-inner-md-2 v-inner-2 style-399 style-local-18-c18 position-relative\">\n              <!---->\n              <!---->\n              <div class=\"w-100 h-y-container h-column__content h-column__v-align flex-basis-100 align-self-lg-start align-self-md-start align-self-start\">\n                <!---->\n                <div data-colibri-id=\"18-c19\" class=\"d-block style-387 style-local-18-c19 position-relative h-element\">\n                  <!---->\n                  <div class=\"h-image__frame-container-outer\">\n                    <div class=\"h-image__frame-container\">\n                      <!---->\n                      <!---->\n                      <img decoding=\"async\" src=\"http:\/\/arkuszerka.pl\/wp-content\/uploads\/2025\/09\/cropped-1000174618-300x300.jpg\" class=\"style-387-image style-local-18-c19-image\">\n                      <div class=\"h-image__frame h-hide-lg h-hide-md h-hide-sm style-387-frameImage style-local-18-c19-frameImage\"><\/div>\n                    <\/div>\n                  <\/div>\n                <\/div>\n                <div data-colibri-id=\"18-c20\" class=\"h-global-transition-all h-heading style-435 style-local-18-c20 position-relative h-element\">\n                  <!---->\n                  <div class=\"h-heading__outer style-435 style-local-18-c20\">\n                    <!---->\n                    <!---->\n                    <h1 class=\"\">Zofia Gzara-Lundberg<\/h1>\n                  <\/div>\n                <\/div>\n                <div data-colibri-id=\"18-c21\" class=\"h-text h-text-component style-592 style-local-18-c21 position-relative h-element\">\n                  <!---->\n                  <!---->\n                  <div class=\"\">\n                    <p>Jestem absolwentk\u0105 jednolitych studi\u00f3w magisterskich na kierunku prawo w Polsce.<\/p>\n                    <p>Mieszkam w Niemczech od 2022 roku.<\/p>\n                    <p>Pomagam odnale\u017a\u0107 si\u0119 w g\u0105szczu formalno\u015bci urz\u0119d\u00f3w &#8211; niemieckich i polskich. Formularze nie s\u0105 dla mnie czarn\u0105 magi\u0105, bo znam je z autopsji!<\/p>\n                    <p>Ponadto tworz\u0119 i redaguj\u0119 teksty kreatywne.<\/p>\n                  <\/div>\n                <\/div>\n              <\/div>\n            <\/div>\n          <\/div>\n          <div class=\"h-column h-column-container d-flex h-col-lg-auto h-col-md-auto h-col-auto style-424-outer style-local-18-c22-outer\">\n            <div data-colibri-id=\"18-c22\" class=\"d-flex h-flex-basis h-column__inner h-px-lg-2 h-px-md-2 h-px-2 v-inner-lg-2 v-inner-md-2 v-inner-2 style-424 style-local-18-c22 position-relative\">\n              <!---->\n              <!---->\n              <div class=\"w-100 h-y-container h-column__content h-column__v-align flex-basis-100 align-self-lg-start align-self-md-start align-self-start\">\n                <!---->\n                <div data-colibri-id=\"18-c23\" class=\"d-block style-391 style-local-18-c23 position-relative h-element\">\n                  <!---->\n                  <div class=\"h-image__frame-container-outer\">\n                    <div class=\"h-image__frame-container\">\n                      <!---->\n                      <!---->\n                      <img loading=\"lazy\" decoding=\"async\" width=\"948\" height=\"948\" src=\"http:\/\/arkuszerka.pl\/wp-content\/uploads\/2025\/10\/cropped-logomysia2.png\" class=\"wp-image-234 style-391-image style-local-18-c23-image\" alt=\"\" srcset=\"https:\/\/arkuszerka.pl\/wp-content\/uploads\/2025\/10\/cropped-logomysia2.png 948w, https:\/\/arkuszerka.pl\/wp-content\/uploads\/2025\/10\/cropped-logomysia2-300x300.png 300w, https:\/\/arkuszerka.pl\/wp-content\/uploads\/2025\/10\/cropped-logomysia2-150x150.png 150w, https:\/\/arkuszerka.pl\/wp-content\/uploads\/2025\/10\/cropped-logomysia2-768x768.png 768w\" sizes=\"auto, (max-width: 948px) 100vw, 948px\" \/>\n                      <div class=\"h-image__frame h-hide-lg h-hide-md h-hide-sm style-391-frameImage style-local-18-c23-frameImage\"><\/div>\n                    <\/div>\n                  <\/div>\n                <\/div>\n                <div data-colibri-id=\"18-c24\" class=\"h-text h-text-component style-477 style-local-18-c24 position-relative h-element\">\n                  <!---->\n                  <!---->\n                  <div class=\"\">\n                    <p>Arkuszerka<\/p>\n                  <\/div>\n                <\/div>\n                <div data-colibri-id=\"18-c25\" class=\"h-text h-text-component style-476 style-local-18-c25 position-relative h-element\">\n                  <!---->\n                  <!---->\n                  <div class=\"\">\n                    <p>jest moj\u0105 indywidualn\u0105 dzia\u0142alno\u015bci\u0105 gospodarcz\u0105, prowadzon\u0105 w formie wolnego zawodu (Freiberuf), zarejestrowan\u0105 w Niemczech\n                      <br>w 2025 roku,<\/p>\n                  <\/div>\n                <\/div>\n              <\/div>\n            <\/div>\n          <\/div>\n        <\/div>\n      <\/div>\n      <div data-colibri-id=\"18-c11\" class=\"h-row-container gutters-row-lg-2 gutters-row-md-2 gutters-row-0 gutters-row-v-lg-2 gutters-row-v-md-2 gutters-row-v-2 style-627 style-local-18-c11 position-relative\">\n        <!---->\n        <div class=\"h-row justify-content-lg-center justify-content-md-center justify-content-center align-items-lg-stretch align-items-md-stretch align-items-stretch gutters-col-lg-2 gutters-col-md-2 gutters-col-0 gutters-col-v-lg-2 gutters-col-v-md-2 gutters-col-v-2\">\n          <!---->\n          <div class=\"h-column h-column-container d-flex h-col-lg-auto h-col-md-auto h-col-auto style-628-outer style-local-18-c12-outer\">\n            <div data-colibri-id=\"18-c12\" class=\"d-flex h-flex-basis h-column__inner h-px-lg-2 h-px-md-2 h-px-2 v-inner-lg-2 v-inner-md-2 v-inner-2 style-628 style-local-18-c12 position-relative\">\n              <!---->\n              <!---->\n              <div class=\"w-100 h-y-container h-column__content h-column__v-align flex-basis-100 align-self-lg-start align-self-md-start align-self-start\">\n                <!---->\n                <div data-colibri-id=\"18-c13\" class=\"h-global-transition-all h-heading style-631 style-local-18-c13 position-relative h-element\">\n                  <!---->\n                  <div class=\"h-heading__outer style-631 style-local-18-c13\">\n                    <!---->\n                    <!---->\n                    <h3 class=\"\">FORMULARZ KONTAKTOWY:<\/h3>\n                  <\/div>\n                <\/div>\n              <\/div>\n            <\/div>\n          <\/div>\n        <\/div>\n      <\/div>\n      <div data-colibri-id=\"18-c14\" class=\"h-row-container gutters-row-lg-2 gutters-row-md-2 gutters-row-0 gutters-row-v-lg-2 gutters-row-v-md-2 gutters-row-v-2 style-625 style-local-18-c14 position-relative\">\n        <!---->\n        <div class=\"h-row justify-content-lg-center justify-content-md-center justify-content-center align-items-lg-stretch align-items-md-stretch align-items-stretch gutters-col-lg-2 gutters-col-md-2 gutters-col-0 gutters-col-v-lg-2 gutters-col-v-md-2 gutters-col-v-2\">\n          <!---->\n          <div class=\"h-column h-column-container d-flex h-col-lg-auto h-col-md-auto h-col-auto style-626-outer style-local-18-c15-outer\">\n            <div data-colibri-id=\"18-c15\" class=\"d-flex h-flex-basis h-column__inner h-px-lg-2 h-px-md-2 h-px-2 v-inner-lg-2 v-inner-md-2 v-inner-2 style-626 style-local-18-c15 position-relative\">\n              <!---->\n              <!---->\n              <div class=\"w-100 h-y-container h-column__content h-column__v-align flex-basis-100 align-self-lg-start align-self-md-start align-self-start\">\n                <!---->\n                <div data-colibri-id=\"18-c16\" class=\"h-contact-form__outer--forminator style-624 style-local-18-c16 position-relative h-element\">\n                  <!---->\n                  <div class=\"h-global-transition-all h-global-transition h-global-transition-all h-contact-form-shortcode\"><div class=\"forminator-ui forminator-custom-form forminator-custom-form-286 forminator-design--basic  forminator_ajax\" data-forminator-render=\"0\" data-form=\"forminator-module-286\" data-uid=\"69d145f2c3a99\"><br\/><\/div><form\n\t\t\t\tid=\"forminator-module-286\"\n\t\t\t\tclass=\"forminator-ui forminator-custom-form forminator-custom-form-286 forminator-design--basic  forminator_ajax\"\n\t\t\t\tmethod=\"post\"\n\t\t\t\tdata-forminator-render=\"0\"\n\t\t\t\tdata-form-id=\"286\"\n\t\t\t\t\n\t\t\t\tdata-design=\"basic\"\n\t\t\t\tdata-color-option=\"theme\"\n\t\t\t\t\n\t\t\t\t\n\t\t\t\t\n\t\t\t\tdata-grid=\"open\"\n\t\t\t\t\n\t\t\t\t\n\t\t\t\tstyle=\"display: none;\"\n\t\t\t\t\n\t\t\t\tdata-uid=\"69d145f2c3a99\"\n\t\t\t><div role=\"alert\" aria-live=\"polite\" class=\"forminator-response-message forminator-error\" aria-hidden=\"true\"><\/div><div class=\"forminator-row\"><div id=\"name-1\" class=\"forminator-field-name forminator-col forminator-col-12 \"><div class=\"forminator-field\"><label for=\"forminator-field-name-1_69d145f2c3a99\" id=\"forminator-field-name-1_69d145f2c3a99-label\" class=\"forminator-label\">Imi\u0119: <span class=\"forminator-required\">*<\/span><\/label><input type=\"text\" name=\"name-1\" value=\"\" placeholder=\"\" id=\"forminator-field-name-1_69d145f2c3a99\" class=\"forminator-input forminator-name--field\" aria-required=\"true\" \/><\/div><\/div><\/div><div class=\"forminator-row\"><div id=\"email-1\" class=\"forminator-field-email forminator-col forminator-col-12 \"><div class=\"forminator-field\"><label for=\"forminator-field-email-1_69d145f2c3a99\" id=\"forminator-field-email-1_69d145f2c3a99-label\" class=\"forminator-label\">Adres E-Mail: <span class=\"forminator-required\">*<\/span><\/label><input type=\"email\" name=\"email-1\" value=\"\" placeholder=\"\" id=\"forminator-field-email-1_69d145f2c3a99\" class=\"forminator-input forminator-email--field\" data-required=\"true\" aria-required=\"true\" \/><\/div><\/div><\/div><div class=\"forminator-row\"><div id=\"phone-1\" class=\"forminator-field-phone forminator-col forminator-col-12 \"><div class=\"forminator-field\"><label for=\"forminator-field-phone-1_69d145f2c3a99\" id=\"forminator-field-phone-1_69d145f2c3a99-label\" class=\"forminator-label\">Numer telefonu:<\/label><input type=\"text\" name=\"phone-1\" value=\"\" placeholder=\"\" id=\"forminator-field-phone-1_69d145f2c3a99\" class=\"forminator-input forminator-field--phone\" data-required=\"\" aria-required=\"false\" autocomplete=\"off\" \/><\/div><\/div><\/div><div class=\"forminator-row\"><div id=\"textarea-1\" class=\"forminator-field-textarea forminator-col forminator-col-12 \"><div class=\"forminator-field\"><label for=\"forminator-field-textarea-1_69d145f2c3a99\" id=\"forminator-field-textarea-1_69d145f2c3a99-label\" class=\"forminator-label\">Wiadomo\u015b\u0107: <span class=\"forminator-required\">*<\/span><\/label><div id=\"wp-forminator-wp-editor-forminator-field-textarea-1_69d145f2c3a99-wrap\" class=\"wp-core-ui wp-editor-wrap html-active\"><link rel='stylesheet' id='dashicons-css' href='https:\/\/arkuszerka.pl\/wp-includes\/css\/dashicons.min.css?ver=6.9.4' type='text\/css' media='all' \/>\n<link rel='stylesheet' id='editor-buttons-css' href='https:\/\/arkuszerka.pl\/wp-includes\/css\/editor.min.css?ver=6.9.4' type='text\/css' media='all' \/>\n<div id=\"wp-forminator-wp-editor-forminator-field-textarea-1_69d145f2c3a99-editor-container\" class=\"wp-editor-container\"><textarea class=\"forminator-textarea do-validate forminator-wp-editor-required wp-editor-area\" style=\"height: 140px\" cols=\"40\" name=\"textarea-1\" id=\"forminator-wp-editor-forminator-field-textarea-1_69d145f2c3a99\"><\/textarea><\/div>\n<\/div>\n\n<\/div><\/div><\/div><input type=\"hidden\" name=\"referer_url\" value=\"\" \/><div class=\"forminator-row forminator-row-last\"><div class=\"forminator-col\"><div class=\"forminator-field\"><button class=\"forminator-button forminator-button-submit\">WY\u015aLIJ<\/button><\/div><\/div><\/div><input type=\"hidden\" id=\"forminator_nonce\" name=\"forminator_nonce\" value=\"545f2f8b15\" \/><input type=\"hidden\" name=\"_wp_http_referer\" value=\"\/index.php\/wp-json\/wp\/v2\/pages\/18\" \/><input type=\"hidden\" name=\"form_id\" value=\"286\"><input type=\"hidden\" name=\"page_id\" value=\"18\"><input type=\"hidden\" name=\"form_type\" value=\"default\"><input type=\"hidden\" name=\"current_url\" value=\"https:\/\/arkuszerka.pl\/\"><input type=\"hidden\" name=\"render_id\" value=\"0\"><input type=\"hidden\" name=\"action\" value=\"forminator_submit_form_custom-forms\"><\/form><\/div>\n                <\/div>\n              <\/div>\n            <\/div>\n          <\/div>\n        <\/div>\n      <\/div>\n    <\/div>\n  <\/div>\n<\/div>","protected":false},"excerpt":{"rendered":"<p>WSPARCIE w biurokracji AUTORKA tworzenie i redakcja tekst\u00f3w T\u0141UMACZ PL\/DE\/ENG Zofia Gzara-Lundberg Jestem [&hellip;]<\/p>\n","protected":false},"author":1,"featured_media":0,"parent":0,"menu_order":0,"comment_status":"closed","ping_status":"closed","template":"page-templates\/homepage.php","meta":{"footnotes":""},"class_list":["post-18","page","type-page","status-publish","hentry"],"_links":{"self":[{"href":"https:\/\/arkuszerka.pl\/index.php\/wp-json\/wp\/v2\/pages\/18","targetHints":{"allow":["GET"]}}],"collection":[{"href":"https:\/\/arkuszerka.pl\/index.php\/wp-json\/wp\/v2\/pages"}],"about":[{"href":"https:\/\/arkuszerka.pl\/index.php\/wp-json\/wp\/v2\/types\/page"}],"author":[{"embeddable":true,"href":"https:\/\/arkuszerka.pl\/index.php\/wp-json\/wp\/v2\/users\/1"}],"replies":[{"embeddable":true,"href":"https:\/\/arkuszerka.pl\/index.php\/wp-json\/wp\/v2\/comments?post=18"}],"version-history":[{"count":13,"href":"https:\/\/arkuszerka.pl\/index.php\/wp-json\/wp\/v2\/pages\/18\/revisions"}],"predecessor-version":[{"id":364,"href":"https:\/\/arkuszerka.pl\/index.php\/wp-json\/wp\/v2\/pages\/18\/revisions\/364"}],"wp:attachment":[{"href":"https:\/\/arkuszerka.pl\/index.php\/wp-json\/wp\/v2\/media?parent=18"}],"curies":[{"name":"wp","href":"https:\/\/api.w.org\/{rel}","templated":true}]}}