{"id":128,"date":"2025-09-24T15:32:26","date_gmt":"2025-09-24T14:32:26","guid":{"rendered":"http:\/\/lextxt.local\/?page_id=128"},"modified":"2025-10-05T21:30:54","modified_gmt":"2025-10-05T19:30:54","slug":"datenschutz","status":"publish","type":"page","link":"https:\/\/arkuszerka.pl\/index.php\/datenschutz\/","title":{"rendered":"Datenschutzerkl\u00e4rung"},"content":{"rendered":"<div data-colibri-id=\"128-c1\" class=\"style-533 style-local-128-c1 position-relative\">\r\n  <!---->\r\n  <div data-colibri-component=\"section\" data-colibri-id=\"128-c2\" id=\"custom\" class=\"h-section h-section-global-spacing d-flex align-items-lg-center align-items-md-center align-items-center style-534 style-local-128-c2 position-relative\">\r\n    <!---->\r\n    <!---->\r\n    <div class=\"h-section-grid-container h-section-boxed-container\">\r\n      <!---->\r\n      <div data-colibri-id=\"128-c3\" class=\"h-row-container gutters-row-lg-2 gutters-row-md-2 gutters-row-0 gutters-row-v-lg-2 gutters-row-v-md-2 gutters-row-v-2 style-599 style-local-128-c3 position-relative\">\r\n        <!---->\r\n        <div class=\"h-row justify-content-lg-center justify-content-md-center justify-content-center align-items-lg-stretch align-items-md-stretch align-items-stretch gutters-col-lg-2 gutters-col-md-2 gutters-col-0 gutters-col-v-lg-2 gutters-col-v-md-2 gutters-col-v-2\">\r\n          <!---->\r\n          <div class=\"h-column h-column-container d-flex h-col-lg-auto h-col-md-auto h-col-auto style-600-outer style-local-128-c4-outer\">\r\n            <div data-colibri-id=\"128-c4\" class=\"d-flex h-flex-basis h-column__inner h-px-lg-2 h-px-md-2 h-px-2 v-inner-lg-2 v-inner-md-2 v-inner-2 style-600 style-local-128-c4 position-relative\">\r\n              <!---->\r\n              <!---->\r\n              <div class=\"w-100 h-y-container h-column__content h-column__v-align flex-basis-100 align-self-lg-start align-self-md-start align-self-start\">\r\n                <!---->\r\n                <div data-colibri-component=\"dropdown-menu\" role=\"navigation\" h-use-smooth-scroll-all=\"true\" data-colibri-id=\"128-c5\" class=\"h-menu h-global-transition-all h-ignore-global-body-typography has-offcanvas-mobile h-menu-horizontal h-dropdown-menu style-598 style-local-128-c5 position-relative h-element\">\r\n                  <!---->\r\n                  <div class=\"h-global-transition-all h-main-menu\"><div class=\"colibri-menu-container\"><ul id=\"menu-main-menu\" class=\"colibri-menu bordered-active-item bordered-active-item--bottom effect-borders-grow grow-from-left\"><li id=\"menu-item-151\" class=\"menu-item menu-item-type-post_type menu-item-object-page menu-item-home menu-item-151\"><a href=\"https:\/\/arkuszerka.pl\/\">O MNIE<\/a><\/li>\n<li id=\"menu-item-154\" class=\"menu-item menu-item-type-post_type menu-item-object-page menu-item-154\"><a href=\"https:\/\/arkuszerka.pl\/index.php\/datenschutz\/\">DATENSCHUTZERKL\u00c4RUNG<\/a><\/li>\n<li id=\"menu-item-152\" class=\"menu-item menu-item-type-post_type menu-item-object-page menu-item-152\"><a href=\"https:\/\/arkuszerka.pl\/index.php\/impressum\/\">IMPRESSUM<\/a><\/li>\n<\/ul><\/div><\/div>\r\n                  <div data-colibri-id=\"128-c6\" class=\"h-mobile-menu h-global-transition-disable style-601 style-local-128-c6 position-relative h-element\">\r\n                    <!---->\r\n                    <a data-click-outside=\"true\" data-target=\"#offcanvas-wrapper-128-c6\" data-target-id=\"offcanvas-wrapper-128-c6\" data-offcanvas-overlay-id=\"offcanvas-overlay-128-c6\" href=\"#\" data-colibri-component=\"offcanvas\" data-direction=\"right\"\r\n                      data-push=\"false\" title=\"Menu\" class=\"h-hamburger-button\">\r\n                      <div class=\"icon-container h-hamburger-icon\">\r\n                        <div class=\"h-icon-svg\" style=\"width: 100%; height: 100%;\">\r\n                          <!--Icon by Font Awesome (https:\/\/fontawesome.com)-->\r\n                          <svg version=\"1.1\" xmlns=\"http:\/\/www.w3.org\/2000\/svg\" xmlns:xlink=\"http:\/\/www.w3.org\/1999\/xlink\" id=\"bars\" viewBox=\"0 0 1536 1896.0833\">\r\n                            <path d=\"M1536 1344v128q0 26-19 45t-45 19H64q-26 0-45-19t-19-45v-128q0-26 19-45t45-19h1408q26 0 45 19t19 45zm0-512v128q0 26-19 45t-45 19H64q-26 0-45-19T0 960V832q0-26 19-45t45-19h1408q26 0 45 19t19 45zm0-512v128q0 26-19 45t-45 19H64q-26 0-45-19T0 448V320q0-26 19-45t45-19h1408q26 0 45 19t19 45z\"><\/path>\r\n                          <\/svg>\r\n                        <\/div>\r\n                      <\/div>\r\n                    <\/a>\r\n                    <div id=\"offcanvas-wrapper-128-c6\" class=\"h-offcanvas-panel offcanvas offcanvas-right hide force-hide style-601-offscreen style-local-128-c6-offscreen\">\r\n                      <div data-colibri-id=\"128-c7\" class=\"d-flex flex-column h-offscreen-panel style-602 style-local-128-c7 position-relative h-element\">\r\n                        <!---->\r\n                        <div class=\"offscreen-header h-ui-empty-state-container\">\r\n                          <div data-colibri-id=\"128-c9\" class=\"h-row-container gutters-row-lg-0 gutters-row-md-0 gutters-row-0 gutters-row-v-lg-0 gutters-row-v-md-0 gutters-row-v-0 style-604 style-local-128-c9 position-relative\">\r\n                            <!---->\r\n                            <div class=\"h-row justify-content-lg-center justify-content-md-center justify-content-center align-items-lg-stretch align-items-md-stretch align-items-stretch gutters-col-lg-0 gutters-col-md-0 gutters-col-0 gutters-col-v-lg-0 gutters-col-v-md-0 gutters-col-v-0\">\r\n                              <!---->\r\n                              <div class=\"h-column h-column-container d-flex h-col-lg h-col-md h-col-auto style-605-outer style-local-128-c10-outer\">\r\n                                <div data-colibri-id=\"128-c10\" class=\"d-flex h-flex-basis h-column__inner h-px-lg-2 h-px-md-2 h-px-2 v-inner-lg-2 v-inner-md-2 v-inner-2 style-605 style-local-128-c10 position-relative\">\r\n                                  <!---->\r\n                                  <!---->\r\n                                  <div class=\"w-100 h-y-container h-column__content h-column__v-align flex-basis-100 align-self-lg-start align-self-md-start align-self-start\">\r\n                                    <!---->\r\n                                    <div data-colibri-id=\"128-c11\" class=\"d-flex align-items-center text-lg-center text-md-center text-center justify-content-lg-center justify-content-md-center justify-content-center style-606 style-local-128-c11 position-relative h-element\">\r\n                                      <!---->\r\n                                      <a rel=\"home\" href=\"https:\/\/arkuszerka.pl\/\" h-use-smooth-scroll=\"true\" class=\"d-flex align-items-center\">\r\n                                        <img decoding=\"async\" src=\"https:\/\/arkuszerka.pl\/wp-content\/uploads\/2025\/10\/cropped-FANTASTISK2.png\" class=\"h-logo__image h-logo__image_h logo-image style-606-image style-local-128-c11-image\" alt=\"\" \/>\r\n                                        <img decoding=\"async\" src=\"https:\/\/arkuszerka.pl\/wp-content\/uploads\/2025\/10\/cropped-FANTASTISK2.png\" class=\"h-logo__alt-image h-logo__alt-image_h logo-alt-image style-606-image style-local-128-c11-image\">\r\n                                      <\/a>\r\n                                    <\/div>\r\n                                  <\/div>\r\n                                <\/div>\r\n                              <\/div>\r\n                            <\/div>\r\n                          <\/div>\r\n                        <\/div>\r\n                        <div class=\"offscreen-content\">\r\n                          <!---->\r\n                          <div data-colibri-component=\"accordion-menu\" role=\"navigation\" h-use-smooth-scroll-all=\"true\" data-colibri-id=\"128-c8\" class=\"h-menu h-global-transition-all h-ignore-global-body-typography h-mobile-menu h-menu-accordion style-603 style-local-128-c8 position-relative h-element\">\r\n                            <!---->\r\n                            <div class=\"h-global-transition-all h-mobile-menu\"><div class=\"colibri-menu-container\"><ul id=\"menu-main-menu-1\" class=\"colibri-menu none \"><li class=\"menu-item menu-item-type-post_type menu-item-object-page menu-item-home menu-item-151\"><a href=\"https:\/\/arkuszerka.pl\/\">O MNIE<\/a><\/li>\n<li class=\"menu-item menu-item-type-post_type menu-item-object-page menu-item-154\"><a href=\"https:\/\/arkuszerka.pl\/index.php\/datenschutz\/\">DATENSCHUTZERKL\u00c4RUNG<\/a><\/li>\n<li class=\"menu-item menu-item-type-post_type menu-item-object-page menu-item-152\"><a href=\"https:\/\/arkuszerka.pl\/index.php\/impressum\/\">IMPRESSUM<\/a><\/li>\n<\/ul><\/div><\/div>\r\n                          <\/div>\r\n                        <\/div>\r\n                        <div class=\"offscreen-footer h-ui-empty-state-container\">\r\n                          <div data-colibri-id=\"128-c12\" class=\"h-row-container gutters-row-lg-0 gutters-row-md-0 gutters-row-0 gutters-row-v-lg-0 gutters-row-v-md-0 gutters-row-v-0 style-607 style-local-128-c12 position-relative\">\r\n                            <!---->\r\n                            <div class=\"h-row justify-content-lg-center justify-content-md-center justify-content-center align-items-lg-stretch align-items-md-stretch align-items-stretch gutters-col-lg-0 gutters-col-md-0 gutters-col-0 gutters-col-v-lg-0 gutters-col-v-md-0 gutters-col-v-0\">\r\n                              <!---->\r\n                              <div class=\"h-column h-column-container d-flex h-col-lg h-col-md h-col-auto style-608-outer style-local-128-c13-outer\">\r\n                                <div data-colibri-id=\"128-c13\" class=\"d-flex h-flex-basis h-column__inner h-px-lg-2 h-px-md-2 h-px-2 v-inner-lg-2 v-inner-md-2 v-inner-2 style-608 style-local-128-c13 position-relative\">\r\n                                  <!---->\r\n                                  <!---->\r\n                                  <div class=\"w-100 h-y-container h-column__content h-column__v-align flex-basis-100 align-self-lg-start align-self-md-start align-self-start\">\r\n                                    <!---->\r\n                                    <div data-colibri-id=\"128-c14\" class=\"h-text h-text-component style-609 style-local-128-c14 position-relative h-element\">\r\n                                      <!---->\r\n                                      <!---->\r\n                                      <div class=\"\">\r\n                                        <p>\u00a9 2025<\/p>\r\n                                      <\/div>\r\n                                    <\/div>\r\n                                  <\/div>\r\n                                <\/div>\r\n                              <\/div>\r\n                            <\/div>\r\n                          <\/div>\r\n                        <\/div>\r\n                      <\/div>\r\n                    <\/div>\r\n                    <div id=\"offcanvas-overlay-128-c6\" class=\"offscreen-overlay style-601-offscreenOverlay style-local-128-c6-offscreenOverlay\"><\/div>\r\n                  <\/div>\r\n                <\/div>\r\n              <\/div>\r\n            <\/div>\r\n          <\/div>\r\n        <\/div>\r\n      <\/div>\r\n      <div data-colibri-id=\"128-c15\" class=\"h-row-container gutters-row-lg-2 gutters-row-md-2 gutters-row-0 gutters-row-v-lg-2 gutters-row-v-md-2 gutters-row-v-2 style-538 style-local-128-c15 position-relative\">\r\n        <!---->\r\n        <div class=\"h-row justify-content-lg-center justify-content-md-center justify-content-center align-items-lg-stretch align-items-md-stretch align-items-stretch gutters-col-lg-2 gutters-col-md-2 gutters-col-0 gutters-col-v-lg-2 gutters-col-v-md-2 gutters-col-v-2\">\r\n          <!---->\r\n          <div class=\"h-column h-column-container d-flex h-col-lg-auto h-col-md-auto h-col-auto style-539-outer style-local-128-c16-outer\">\r\n            <div data-colibri-id=\"128-c16\" class=\"d-flex h-flex-basis h-column__inner h-px-lg-2 h-px-md-2 h-px-2 v-inner-lg-2 v-inner-md-2 v-inner-2 style-539 style-local-128-c16 position-relative\">\r\n              <!---->\r\n              <!---->\r\n              <div class=\"w-100 h-y-container h-column__content h-column__v-align flex-basis-100 align-self-lg-start align-self-md-start align-self-start\">\r\n                <!---->\r\n                <div data-colibri-id=\"128-c17\" class=\"h-global-transition-all h-heading style-540 style-local-128-c17 position-relative h-element\">\r\n                  <!---->\r\n                  <div class=\"h-heading__outer style-540 style-local-128-c17\">\r\n                    <!---->\r\n                    <!---->\r\n                    <h1 class=\"\">DAtenschutzerkl\u00e4rung<\/h1>\r\n                  <\/div>\r\n                <\/div>\r\n              <\/div>\r\n            <\/div>\r\n          <\/div>\r\n        <\/div>\r\n      <\/div>\r\n    <\/div>\r\n  <\/div>\r\n  <div data-colibri-component=\"section\" data-colibri-id=\"128-c18\" id=\"content\" class=\"h-section h-section-global-spacing d-flex align-items-lg-center align-items-md-center align-items-center style-549 style-local-128-c18 position-relative\">\r\n    <!---->\r\n    <!---->\r\n    <div class=\"h-section-grid-container h-section-fluid-container\">\r\n      <!---->\r\n      <div data-colibri-id=\"128-c19\" class=\"h-row-container gutters-row-lg-0 gutters-row-md-0 gutters-row-2 gutters-row-v-lg-0 gutters-row-v-md-0 gutters-row-v-2 style-550 style-local-128-c19 position-relative\">\r\n        <!---->\r\n        <div class=\"h-row justify-content-lg-center justify-content-md-center justify-content-center align-items-lg-stretch align-items-md-stretch align-items-stretch gutters-col-lg-0 gutters-col-md-0 gutters-col-2 gutters-col-v-lg-0 gutters-col-v-md-0 gutters-col-v-2\">\r\n          <!---->\r\n          <div class=\"h-column h-column-container d-flex h-col-lg-auto h-col-md-auto h-col-auto style-551-outer style-local-128-c20-outer\">\r\n            <div data-colibri-id=\"128-c20\" class=\"d-flex h-flex-basis h-column__inner h-px-lg-0 h-px-md-0 h-px-0 v-inner-lg-0 v-inner-md-0 v-inner-0 style-551 style-local-128-c20 position-relative\">\r\n              <!---->\r\n              <!---->\r\n              <div class=\"w-100 h-y-container h-column__content h-column__v-align flex-basis-100 align-self-lg-start align-self-md-start align-self-start\">\r\n                <!---->\r\n                <div data-colibri-id=\"128-c21\" class=\"h-row-container gutters-row-lg-2 gutters-row-md-2 gutters-row-0 gutters-row-v-lg-2 gutters-row-v-md-2 gutters-row-v-0 style-555 style-local-128-c21 position-relative\">\r\n                  <!---->\r\n                  <div class=\"h-row justify-content-lg-center justify-content-md-center justify-content-center align-items-lg-stretch align-items-md-stretch align-items-stretch gutters-col-lg-2 gutters-col-md-2 gutters-col-0 gutters-col-v-lg-2 gutters-col-v-md-2 gutters-col-v-0\">\r\n                    <!---->\r\n                    <div class=\"h-column h-column-container d-flex h-col-lg-12 h-col-md-12 h-col-6 style-556-outer style-local-128-c22-outer\">\r\n                      <div data-colibri-id=\"128-c22\" class=\"d-flex h-flex-basis h-column__inner h-px-lg-0 h-px-md-0 h-px-0 v-inner-lg-0 v-inner-md-0 v-inner-0 style-556 style-local-128-c22 position-relative\">\r\n                        <!---->\r\n                        <!---->\r\n                        <div class=\"w-100 h-y-container h-column__content h-column__v-align flex-basis-100 align-self-lg-start align-self-md-start align-self-start\">\r\n                          <!---->\r\n                          <div data-colibri-id=\"128-c23\" class=\"h-text h-text-component style-558 style-local-128-c23 position-relative h-element\">\r\n                            <!---->\r\n                            <!---->\r\n                            <div class=\"\">\r\n                              <p>Datenschutzerkl\u00e4rung<\/p>\r\n                              <p>\r\n                                <br>\r\n                              <\/p>\r\n                              <p>1.&nbsp;&nbsp;&nbsp;Allgemeine Hinweise<\/p>\r\n                              <p>Wir nehmen den Schutz Ihrer pers\u00f6nlichen Daten sehr ernst. Personenbezogene Daten werden nur im notwendigen Umfang erhoben. Diese Datenschutzerkl\u00e4rung informiert Sie, welche Daten wir erheben und wie wir sie verwenden. Verantwortlich\r\n                                f\u00fcr die Datenverarbeitung auf dieser Website ist:<\/p>\r\n                              <p>\r\n                                <br>\r\n                              <\/p>\r\n                              <p>ZOFIA GZARA-LUNDBERG<\/p>\r\n                              <p>M\u00dcNCHENER STR. 26<\/p>\r\n                              <p>51103 K\u00d6LN, DEUTSCHLAND<\/p>\r\n                              <p>E-Mail: kontakt@arkuszerka.pl<\/p>\r\n                              <p>\r\n                                <br>\r\n                              <\/p>\r\n                              <p>2.&nbsp;&nbsp;&nbsp;Erhebung und Speicherung personenbezogener Daten<\/p>\r\n                              <p>Beim Besuch unserer Website werden automatisch Informationen wie IP-Adresse, Browsertyp, Datum und Uhrzeit der Anfrage gespeichert. Rechtsgrundlage hierf\u00fcr ist Art. 6 Abs. 1 lit. f DSGVO (berechtigtes Interesse an der technischen\r\n                                Sicherheit und Optimierung der Website).<\/p>\r\n                              <p>\r\n                                <br>\r\n                              <\/p>\r\n                              <p>3.&nbsp;&nbsp;&nbsp;Nutzung von Kontaktdaten<\/p>\r\n                              <p>Wenn Sie uns per E-Mail oder \u00fcber das Kontaktformular kontaktieren, werden Ihre Angaben gespeichert, um Ihre Anfrage zu bearbeiten. Rechtsgrundlage hierf\u00fcr ist Art. 6 Abs. 1 lit. b DSGVO (Vertragserf\u00fcllung bzw. vorvertragliche\r\n                                Ma\u00dfnahmen). Eine Weitergabe an Dritte erfolgt nicht ohne Ihre ausdr\u00fcckliche Einwilligung.<\/p>\r\n                              <p>\r\n                                <br>\r\n                              <\/p>\r\n                              <p>4.&nbsp;&nbsp;&nbsp;Cookies<\/p>\r\n                              <p>Unsere Website verwendet Cookies nur in technisch notwendigen F\u00e4llen (z. B. f\u00fcr die Sitzungsspeicherung). Rechtsgrundlage hierf\u00fcr ist Art. 6 Abs. 1 lit. f DSGVO. Sie k\u00f6nnen Cookies jederzeit in Ihrem Browser deaktivieren.<\/p>\r\n                              <p>\r\n                                <br>\r\n                              <\/p>\r\n                              <p>5.&nbsp;&nbsp;&nbsp;Google Fonts \/ externe Inhalte<\/p>\r\n                              <p>Falls auf dieser Website Google Fonts oder andere externe Inhalte eingebunden sind, beachten Sie bitte, dass hierbei Daten an die jeweiligen Anbieter \u00fcbertragen werden k\u00f6nnen. Wir empfehlen die lokale Nutzung von Google Fonts,\r\n                                um eine Daten\u00fcbertragung in Drittl\u00e4nder zu vermeiden.<\/p>\r\n                              <p>\r\n                                <br>\r\n                              <\/p>\r\n                              <p>6.&nbsp;&nbsp;Ihre Rechte<\/p>\r\n                              <p>Sie haben jederzeit das Recht auf:<\/p>\r\n                              <p>Auskunft nach Art. 15 DSGVO,<\/p>\r\n                              <p>Berichtigung nach Art. 16 DSGVO,<\/p>\r\n                              <p>L\u00f6schung nach Art. 17 DSGVO,<\/p>\r\n                              <p>Einschr\u00e4nkung der Verarbeitung nach Art. 18 DSGVO,<\/p>\r\n                              <p>Widerspruch nach Art. 21 DSGVO,<\/p>\r\n                              <p>Daten\u00fcbertragbarkeit nach Art. 20 DSGVO.<\/p>\r\n                              <p>\r\n                                <br>\r\n                              <\/p>\r\n                              <p>Zudem haben Sie das Recht, sich bei einer Aufsichtsbeh\u00f6rde f\u00fcr den Datenschutz zu beschweren. Zust\u00e4ndig ist in NRW der Landesbeauftragte f\u00fcr Datenschutz und Informationsfreiheit Nordrhein-Westfalen.<\/p>\r\n                              <p>\r\n                                <br>\r\n                              <\/p>\r\n                              <p>7.&nbsp;&nbsp;&nbsp;Datensicherheit<\/p>\r\n                              <p>Wir sch\u00fctzen Ihre Daten durch angemessene technische und organisatorische Ma\u00dfnahmen vor Verlust, Missbrauch und unbefugtem Zugriff.<\/p>\r\n                              <p>\r\n                                <br>\r\n                              <\/p>\r\n                              <p>8.&nbsp;&nbsp;\u00c4nderungen dieser Datenschutzerkl\u00e4rung<\/p>\r\n                              <p>Wir behalten uns vor, diese Datenschutzerkl\u00e4rung bei Bedarf anzupassen. Die jeweils aktuelle Version ist auf der Website einsehbar.<\/p>\r\n                            <\/div>\r\n                          <\/div>\r\n                        <\/div>\r\n                      <\/div>\r\n                    <\/div>\r\n                  <\/div>\r\n                <\/div>\r\n              <\/div>\r\n            <\/div>\r\n          <\/div>\r\n        <\/div>\r\n      <\/div>\r\n    <\/div>\r\n  <\/div>\r\n<\/div>","protected":false},"excerpt":{"rendered":"<p>\u00a9 2025 DAtenschutzerkl\u00e4rung Datenschutzerkl\u00e4rung 1.&nbsp;&nbsp;&nbsp;Allgemeine Hinweise Wir nehmen den Schutz Ihrer pers\u00f6nlichen Daten [&hellip;]<\/p>\n","protected":false},"author":1,"featured_media":0,"parent":0,"menu_order":0,"comment_status":"closed","ping_status":"closed","template":"page-templates\/full-width-page.php","meta":{"footnotes":""},"class_list":["post-128","page","type-page","status-publish","hentry"],"_links":{"self":[{"href":"https:\/\/arkuszerka.pl\/index.php\/wp-json\/wp\/v2\/pages\/128","targetHints":{"allow":["GET"]}}],"collection":[{"href":"https:\/\/arkuszerka.pl\/index.php\/wp-json\/wp\/v2\/pages"}],"about":[{"href":"https:\/\/arkuszerka.pl\/index.php\/wp-json\/wp\/v2\/types\/page"}],"author":[{"embeddable":true,"href":"https:\/\/arkuszerka.pl\/index.php\/wp-json\/wp\/v2\/users\/1"}],"replies":[{"embeddable":true,"href":"https:\/\/arkuszerka.pl\/index.php\/wp-json\/wp\/v2\/comments?post=128"}],"version-history":[{"count":3,"href":"https:\/\/arkuszerka.pl\/index.php\/wp-json\/wp\/v2\/pages\/128\/revisions"}],"predecessor-version":[{"id":303,"href":"https:\/\/arkuszerka.pl\/index.php\/wp-json\/wp\/v2\/pages\/128\/revisions\/303"}],"wp:attachment":[{"href":"https:\/\/arkuszerka.pl\/index.php\/wp-json\/wp\/v2\/media?parent=128"}],"curies":[{"name":"wp","href":"https:\/\/api.w.org\/{rel}","templated":true}]}}